{"id":1903,"date":"2014-10-06T15:16:30","date_gmt":"2014-10-06T14:16:30","guid":{"rendered":"http:\/\/web.ist.utl.pt\/rmch\/?page_id=1903"},"modified":"2024-12-18T23:06:10","modified_gmt":"2024-12-18T23:06:10","slug":"notes-on-biography","status":"publish","type":"page","link":"http:\/\/web.ist.utl.pt\/rmch\/about\/biography\/notes-on-biography","title":{"rendered":"notes on biography"},"content":{"rendered":"<h3><font color=\"#585858\">Personal Notes on Professional Path<\/font><\/h3>\n<p>&nbsp;<br \/>\nEarly in life I discovered the sacred pleasure of grasping the inner-simplicity of life aspects within their apparent form-complexity. And, with this, the joyful and ego-deprived act of teaching. As the unfold of our potential requires an increasing awareness to tune our capabilities and to free ourselves from limitations, I spent my last years, as an academic, professor and business analyst, learning two major lessons. First, the understanding of my own myopia (as the act of teaching encloses a significant responsibility requiring minimum undesirable projections) and of my life purpose. This encompassed a period, in 2010 and 2011, where I had the lucky opportunity to dissolve a system of believes through a deep process of disillusion, fear processing and awakening.<\/p>\n<p>Second, the listening, understanding, respect and consideration for the singular matrix of motivations and learning needs of each individual. Being aware of the multiple signatures and learning-patterns can promote: unlimited-simplicity of the teachings, critical unfolding of their full-implications, a customized provision of complementary pointers and perspectives, and, most importantly, novel tutoring approaches that potentiate individuals abilities, self-knowledge and empowerment (which let them neutrally and confidently see their learning obstacles). Citing an old though of mine: &#8220;educar significa para mim, como professor e aluno, desconstruir. Desconstruir o conhecimento legado e redesenh\u00e1-lo com simplicidade, coer\u00eancia e consist\u00eancia, adaptando-o ao nosso modo individual de interpretar a realidade, integrando-o com saberes anteriores&#8221;.<\/p>\n<p>Recently I found that my increasing passion for research is, in essence, closely linked to my teaching savor. Has I stated in a letter to my scientific coordinator: &#8220;investigar \u00e9 tamb\u00e9m ensinar, \u00e9 aprofundar, abstrair, relaxar, intuir, edificar, simplificar e comunicar. A via acad\u00e9mica \u00e9, para mim, uma das poucas vias onde a liberdade de criar n\u00e3o \u00e9 condicionada pela obriga\u00e7\u00e3o de satisfazer um cliente ou a pr\u00f3pria entidade empregadora. Esta evid\u00eancia tornou-se clara ap\u00f3s um ano de intensa aprendizagem num meio empresarial de excel\u00eancia. O caminho do ensino, da investiga\u00e7\u00e3o, \u00e9 o caminho que pretendo seguir&#8221;.<\/p>\n<p>I had, additionally, discovered some of my old thoughts on engineering, that I would like to share with you: &#8220;<em>O que \u00e9 a engenharia?<\/em> questionou o jovem rapaz. Atordoado pela pergunta, respondi-lhe que \u00e9 a capacidade de simplificar aquilo que \u00e9 complexo, de abstrair em linguagem pr\u00f3pria o mundo que nos rodeia. Todos n\u00f3s somos engenheiros. Falei-lhe, primeiramente, nos sistemas biol\u00f3gicos que compreendem as part\u00edculas elementares e o universo que conhecemos, nos sistemas mec\u00e2nicos e nos sistemas digitais. E, impulsionado pelo meu foco de trabalho actual, expliquei a necessidade da engenharia no sistema-sociedade para definir e aplicar princ\u00edpios de desenho aos diversos sistemas que o comp\u00f5em por forma a garantir o seu funcionamento unificado. O professor que tamb\u00e9m ali se encontrava piscou-lhe o olho e sorriu <em>&#8230;e tenho a certeza de que ser\u00e1s um grande engenheiro!<\/em>. O jovem rapaz problematizara a realidade. Acompanhei os seus passos leves ao afastar-se, entregando-se provavelmente a elevados pensamentos. Orquestrando, quem sabe, um novo e desafiante universo de ideias&#8221;.<\/p>\n<p>I was once that little boy, full of questions and dreams. Thankfully, I chose a path that led me towards where I am standing now. During this path, a significant amount of support, dedication and clear-intention granted me the privilege of receiving some <a href=\"http:\/\/web.ist.utl.pt\/rmch\/about\/biography\/premiacoes\">honors<\/a>. I love my <a href=\"http:\/\/web.ist.utl.pt\/rmch\/research\/team\">team<\/a>, and <a href=\"http:\/\/web.ist.utl.pt\/rmch\/research\/goals\">what I do<\/a> professionally. But to find this balance, I had previously to rescue: the humility to understand that my personal traits and life-purpose were not compliant with two sequent jobs (2009-2011) and, most of all, the sincerity and respect to myself to say &#8216;no&#8217; and to rediscover my place on Earth.<\/p>\n<p>September 2011,<br \/>\nRui<br \/>\n<!--Increasingly feel the need to let my spiritual growth and healing work to find his own time in my life. For me time is . \n\n<!--Music: Porventura, pouco restaria do que sou hoje se durante o meu crescimento n\u00e3o estivesse presente uma grande proximidade com a m\u00fasica. Desde pequeno que esta \u00e9 uma fonte de afecto e auto-conhecimento. Sempre me refugiei neste mundo, onde atrav\u00e9s da voz exploro a minha dimens\u00e3o e mastigo sensa\u00e7\u00f5es, sentimentos e pensamentos \u2013 para logo depois me renovar. Da vis\u00e3o Soul (1997) \u00e0 melancolia do Jazz (1999) e do Fado (2000), muitos foram os estilos que me acompanharam. Em permanente busca da minha sonoridade, defino as minhas sensa\u00e7\u00f5es como <em>M\u00fasica do Mundo<\/em>. \n\nAs minhas refer\u00eancias musicais s\u00e3o <a href=\"http:\/\/www.youtube.com\/watch?gl=NL&hl=nl&v=V2xbAd7LoqQ\">Mariza<\/a>, <a href=\"http:\/\/www.youtube.com\/watch?v=KAggWL7WuGo\">Maria Joao<\/a>, <a href=\"http:\/\/www.youtube.com\/watch?v=DJnVR1qyz0Y\">Elza Soares<\/a>, <a href=\"http:\/\/www.youtube.com\/watch?v=lzEChdqjbGY\">Patti Labelle<\/a>, <a href=\"http:\/\/www.youtube.com\/watch?v=8m1X6y9Gzhs&feature=fvw\">Sarah Vaughan<\/a>, <a href=\"http:\/\/www.youtube.com\/watch?v=w2uD_MUu55U\">Rachelle Ferrell<\/a>, <a href=\"http:\/\/www.youtube.com\/watch?v=kV4C_UI_vvQ\">Am\u00e1lia Rodrigues<\/a>, <a href=\"http:\/\/www.youtube.com\/watch?v=oJ1dUb9REio\">Caman\u00e9<\/a>, <a href=\"http:\/\/www.youtube.com\/watch?v=teXOPAFMOp0&feature=related\">Ella Fitzgerald<\/a>.\n\nDurante a minha juventude participo em diversos corais <em>Gospel<\/em>. Recordo com especial apre\u00e7o as <em>100 Vozes Gospel<\/em>, uma fam\u00edlia multi-cultural com a qual constru\u00ed novos valores. Em 2008, motivado por amigos e superando a minha timidez, come\u00e7o a realizar pequenas actua\u00e7\u00f5es nas \u00e1reas do Fado e do Jazz. As palavras de incentivo aliadas \u00e0 minha vontade de partilhar sentimentos e experi\u00eancias, fazem desta vertente mais profissional uma dimens\u00e3o na qual quero investir a curto-prazo. Colaboro, ainda, pontualmente na organiza\u00e7\u00e3o de eventos de Jazz (mais em <a href=\"http:\/\/jnpdi.blogspot.com\/\">JNPDI<\/a>).\n\n<\/br>\n\nLiterature: Sou um leitor compulsivo. Os livros s\u00e3o uma companhia que j\u00e1 n\u00e3o consigo dispensar. Da cr\u00f3nica ao ensaio, da poesia ao romance, para al\u00e9m do factor escrita (e tradu\u00e7\u00e3o), gosto, sobretudo, dos livros que me arrancam um c\u00famplice sorriso. Esta sensa\u00e7\u00e3o deriva da percep\u00e7\u00e3o da liberdade do escritor em verbalizar os seus pensamentos e do compromisso para com a sua vis\u00e3o, que, por si s\u00f3, dever\u00e1 superar barreiras ideol\u00f3gicas (e, por vezes, lingu\u00edsticas) consideradas convencionais. Como leitor, gosto de poder contemplar esse universo de ideias, imagens e sensa\u00e7\u00f5es dado pelas viv\u00eancias do imagin\u00e1rio do escritor e de as fitar ou viver de acordo com o meu tecido cultural. A pluralidade sempre me fascinou. Os meus escritores refer\u00eancia s\u00e3o, neste momento, Fernando Pessoa, Mia Couto, Jostein Gaarder, Oscar Wilde, Cam\u00f5es e Carlos Zaf\u00f3n.\n\nPor vezes, sou tamb\u00e9m assaltado por uma necessidade de escrita, a qual interpreto como uma necessidade de agarrar e caligrafar <em>pensamentos<\/em>, <em>sentimentos<\/em> e <em>sensa\u00e7\u00f5es<\/em>, de me explorar, de me agradar, de me explicar ao mundo. Redescobri uns pequenos excertos, que realizei h\u00e1 alguns anos atr\u00e1s inseridos num <a href=\"http:\/\/soulsketches.blogspot.com\">blog<\/a> e, ainda que me encontre razoavelmente despido em grande parte deles, torno-os agora p\u00fablicos por terem sido escritos em viv\u00eancias singulares. Nunca deixei, no entanto, de escrever de forma amadora.\ndesencadeando-se no seio de todas as redes sociais nas quais participamos, a educa\u00e7\u00e3o \u00e9 dever e prazer de cada cidad\u00e3o cumprir a cont\u00ednua miss\u00e3o de interven\u00e7\u00e3o social. \u00c9 tamb\u00e9m resultado da reflex\u00e3o que conduz \u00e0 transforma\u00e7\u00e3o deliberada e positiva da nossa vis\u00e3o e atitude. Ao longo das minhas viv\u00eancias tenho tido a oportunidade de conhecer pessoas que v\u00e3o cumprindo esta miss\u00e3o com pedagogia e sem se entregarem a excessivos moralismos. Tamb\u00e9m eu sou aprendiz, filho, irm\u00e3o, amigo, entre outros, e, portanto, sinto-me incapaz de me alhear desta responsabilidade.\n\"Em particular, como professor, sinto o dever de desenvolver e aplicar um m\u00e9todo de ensino que combata as maiores necessidades dos meus ouvintes, respeitando assim os meus princ\u00edpios, os meus alunos e a sociedade que idealizo.\nneste campo [ensino superior], onde a aprendizagem incide mais sobre o pensamento cientifico e menos (mas tamb\u00e9m) sobre os valores adquiridos, --><\/p>\n","protected":false},"excerpt":{"rendered":"<p>Personal Notes on Professional Path &nbsp; Early in life I discovered the sacred pleasure of grasping the inner-simplicity of life aspects within their apparent form-complexity. And, with this, the joyful and ego-deprived act of teaching. As the unfold of our potential requires an increasing awareness to tune our capabilities and to free ourselves from limitations, [&hellip;]<\/p>\n","protected":false},"author":1,"featured_media":0,"parent":115,"menu_order":0,"comment_status":"closed","ping_status":"closed","template":"","meta":{"footnotes":""},"class_list":["post-1903","page","type-page","status-publish","hentry"],"_links":{"self":[{"href":"http:\/\/web.ist.utl.pt\/rmch\/wp-json\/wp\/v2\/pages\/1903","targetHints":{"allow":["GET"]}}],"collection":[{"href":"http:\/\/web.ist.utl.pt\/rmch\/wp-json\/wp\/v2\/pages"}],"about":[{"href":"http:\/\/web.ist.utl.pt\/rmch\/wp-json\/wp\/v2\/types\/page"}],"author":[{"embeddable":true,"href":"http:\/\/web.ist.utl.pt\/rmch\/wp-json\/wp\/v2\/users\/1"}],"replies":[{"embeddable":true,"href":"http:\/\/web.ist.utl.pt\/rmch\/wp-json\/wp\/v2\/comments?post=1903"}],"version-history":[{"count":13,"href":"http:\/\/web.ist.utl.pt\/rmch\/wp-json\/wp\/v2\/pages\/1903\/revisions"}],"predecessor-version":[{"id":2654,"href":"http:\/\/web.ist.utl.pt\/rmch\/wp-json\/wp\/v2\/pages\/1903\/revisions\/2654"}],"up":[{"embeddable":true,"href":"http:\/\/web.ist.utl.pt\/rmch\/wp-json\/wp\/v2\/pages\/115"}],"wp:attachment":[{"href":"http:\/\/web.ist.utl.pt\/rmch\/wp-json\/wp\/v2\/media?parent=1903"}],"curies":[{"name":"wp","href":"https:\/\/api.w.org\/{rel}","templated":true}]}}